{"id":3,"date":"2018-11-29T15:02:26","date_gmt":"2018-11-29T14:02:26","guid":{"rendered":"http:\/\/seemannsheim-emden.de\/cms\/?page_id=3"},"modified":"2019-01-24T17:17:40","modified_gmt":"2019-01-24T16:17:40","slug":"datenschutzerklaerung","status":"publish","type":"page","link":"https:\/\/seemannsheim-emden.de\/cms\/datenschutzerklaerung\/","title":{"rendered":"Datenschutzerkl\u00e4rung"},"content":{"rendered":"<p><strong>Datenschutzerkl\u00e4rung<\/strong><\/p>\n<ol>\n<li><strong> Allgemeine Informationen<\/strong><\/li>\n<\/ol>\n<p><strong>1.1 Einleitung<\/strong><\/p>\n<p>Wir freuen uns \u00fcber Ihren Besuch auf unserer Internetseite und dem Interesse an der kirchlichen Arbeit. Gem\u00e4\u00df \u00a7 13 Abs. 1 Telemediengesetz (TMG) in Verbindung mit dem Datenschutzgesetz der Evangelischen Kirche in Deutschland (DSG-EKD) informieren wir Sie \u00fcber die Art, den Umfang und den Zweck der auf unserer Internetseite erhobenen personenbezogenen Daten. Personenbezogene Daten sind alle Angaben zu einer bestimmten oder durch diese Daten bestimmbaren nat\u00fcrlichen Person, wie z.B. Name, Anschrift, E-Mail, Telefonnummer.<\/p>\n<p>Wir verwenden ihre Daten ausschlie\u00dflich im Rahmen des Kirchengesetzes \u00fcber den Datenschutz der Evangelischen Kirche in Deutschland (DSG-EKD), das die Vorgaben der Datenschutzgrundverordnung der Europ\u00e4ischen Union (DSGVO) im den Bereich der evangelischen Kirchen umsetzt. Zur Einhaltung dieser Vorschriften haben wir umfangreiche technische und organisatorische Ma\u00dfnahmen getroffen, um die Sicherheit ihrer Daten zu gew\u00e4hrleisten.<\/p>\n<p><strong>1.2 Verantwortliche kirchliche Stelle<\/strong><\/p>\n<p>Verantwortliche Stelle f\u00fcr die Verarbeitung Ihrer personenbezogenen Daten ist:<br \/>\nEvangelische Medienarbeit &#8211; Digitale Agentur, Pastor Kay Oppermann, Archivstra\u00dfe 3, 30169 Hannover, Tel.: 0049(0)511-1241-964, E-Mail: kay.oppermann@evlka.de<\/p>\n<p><strong>1.3 \u00d6rtlicher Datenschutzbeauftragter<\/strong><\/p>\n<p>Sollten Sie zu den in unserer Datenschutzerkl\u00e4rung dargestellten Ma\u00dfnahmen noch Fragen haben, so k\u00f6nnen Sie sich an unseren \u00f6rtlichen Datenschutzbeauftragten wenden. Die Kontaktdaten des \u00f6rtlichen Datenschutzbeauftragten finden Sie unter Impressum.<\/p>\n<ol start=\"2\">\n<li><strong> Verarbeitung Ihrer personenbezogenen Daten beim Besuch unserer Internetseite<\/strong><\/li>\n<\/ol>\n<p>Grunds\u00e4tzlich k\u00f6nnen Sie unsere Seiten nutzen, ohne uns mitzuteilen, wer Sie sind. Aus technischen Gr\u00fcnden und aus Gr\u00fcnden der Datensicherheit, sowie zur Optimierung unserer Online-Angebote, verarbeiten wir jedoch Ihre IP-Adresse, den Namen Ihres Internet-Providers, die Internetseite von der Sie uns besuchen, den genutzten Browsertyp, das verwendete Betriebssystem und die Seiten die Sie bei uns ausw\u00e4hlen, sowie das Datum und die Uhrzeit Ihres Zugriffs. Wir nutzen diese Informationen ausschlie\u00dflich f\u00fcr systemrelevante und statistische Zwecke, die grunds\u00e4tzlich in anonymisierter Form erfolgen, so dass R\u00fcckschl\u00fcsse auf Ihre Person nicht m\u00f6glich sind.<\/p>\n<p>F\u00fcr die Nutzung einzelner Angebote (z.B. Cookies) k\u00f6nnen sich hiervon Abweichungen ergeben, die weiter untern gesondert erl\u00e4utert werden.<\/p>\n<p>In diesem Zusammenhang weisen wir insbesondere darauf hin, dass die Daten\u00fcbertragung im Internet immer auch Sicherheitsl\u00fccken aufweist, so dass ein l\u00fcckenloser Schutz vor Zugriffe Dritter nicht m\u00f6glich ist.<\/p>\n<ol start=\"3\">\n<li><strong> Verwendung von Cookies und Tracking<\/strong><\/li>\n<\/ol>\n<p><strong>3.1 Cookies <\/strong><\/p>\n<p>Wir verwenden auf unseren Seiten sogenannte Cookies. Das sind kleine Textdateien, die auf Ihrem Endger\u00e4t gespeichert werden und uns eine Analyse der Nutzung unserer Seiten erm\u00f6glichen. Die durch die Cookies erzeugten Informationen verwenden wir, um unsere Seiten f\u00fcr Sie als Nutzer attraktiver zu gestalten und um bestimmte Funktionen unserer Seiten zu gew\u00e4hrleisten. Einige von uns verwendete Cookies werden direkt nach Ihrem Besuch unserer Seiten wieder gel\u00f6scht (sog. Session-Cookies). Andere erm\u00f6glichen es uns, Sie bei sp\u00e4teren Besuchen auf unseren Seiten wiederzuerkennen (sog. Persistente Cookies).<\/p>\n<p>Sie k\u00f6nnen die Installation von Cookies durch eine entsprechende Einstellung im Browser verhindern, oder sich durch die Browser-Software vor dem Setzen eines Cookie informieren lassen. Bei Letzterem k\u00f6nnen Sie individuell entscheiden, ob ein Cookie gesetzt werden darf oder nicht. Wir weisen jedoch darauf hin, wenn Sie das Setzen von Cookies generell nicht akzeptieren, kann die Funktionalit\u00e4t unserer Seiten eingeschr\u00e4nkt sein.<\/p>\n<p><strong>3.2 Einsatz von Google-Analytics mit Anonymisierungsfunktion <\/strong><\/p>\n<p>Auf unseren Seiten setzen wir Google-Analytics ein. Google-Analytics ist ein Webanalysedienst der Firma Google LLC, 1600 Amphitheatre Parkway, Mountain View, CA 94043 USA. Google-Analytics verwendet ebenfalls Cookies, die auf Ihrem Computer gespeichert werden, um eine Analyse der Benutzung unserer Seiten durchzuf\u00fchren. Die durch die Cookies erzeugten Informationen, z.B. IP-Adresse, Datum, Zeit, Ort und H\u00e4ufigkeit Ihres Besuchs auf unseren Seiten, werden in der Regel an Server von Google in den USA \u00fcbertragen und dort gespeichert. Erfolgt der Zugriff auf unseren Seiten innerhalb der Mitgliedsstaaten der Europ\u00e4ischen Union, oder anderen Vertragsstaaten des Abkommens \u00fcber den Europ\u00e4ischen Wirtschaftsraum, so k\u00fcrzt Google Ihre IP-Adresse vor einer \u00dcbertragung auf Server in den USA (Anonymisierungsfunktion). Nur in Ausnahmef\u00e4llen wird die volle IP-Adresse an Server von Google in den USA \u00fcbertragen und dort gek\u00fcrzt.<\/p>\n<p>Google verwendet die \u00fcber Cookies gewonnenen Informationen, um die Nutzung unserer Seiten auszuwerten, um Berichte \u00fcber Aktivit\u00e4ten auf unseren Seiten f\u00fcr uns zusammenzustellen und um weitere mit der Nutzung unserer Seiten verbundene Dienstleistungen f\u00fcr uns zu erbringen. Google wird die gewonnenen Informationen evtl. an Dritte \u00fcbertragen, soweit dies gesetzlich vorgeschrieben ist, oder Dritte die Daten im Auftrag von Google verarbeiten. Die durch Google Analytics ermittelte IP-Adresse wird nach Angaben von Google nicht mit anderen Daten von Google zusammengef\u00fchrt.<\/p>\n<p>Sie k\u00f6nnen die Installation von Google-Cookies durch entsprechende Einstellungen im Browser verhindern, oder sich durch die Browser-Software vor dem Setzen eines Cookie informieren lassen. Bei Letzterem k\u00f6nnen Sie individuell entscheiden, ob ein Cookie gesetzt werden darf oder nicht. Wir weisen jedoch darauf hin, wenn Sie das Setzen von Cookies generell nicht akzeptieren, kann die Funktionalit\u00e4t unserer Seiten eingeschr\u00e4nkt sein. Dar\u00fcber hinaus haben Sie die M\u00f6glichkeit die Erfassung Ihrer Seiten-Nutzung (inkl. Ihrer IP-Adresse) durch Google, sowie die Verarbeitung dieser Daten durch Google, zu verhindern, indem sie das unter dem folgenden Link verf\u00fcgbare Browser-Plugin herunterladen und installieren: <a href=\"https:\/\/tools.google.com\/dlpage\/gaoptout?hl=de\">https:\/\/tools.google.com\/dlpage\/gaoptout?hl=de<\/a><\/p>\n<p>Die Nutzung dieser Deaktivierungsfunktion verhindert aber nicht, dass Informationen an uns oder an andere von uns gegebenenfalls eingesetzte Analyse-Software \u00fcbermittelt wird.<\/p>\n<p><strong>3.3 Einsatz von Google-Maps <\/strong><\/p>\n<p>Auf unseren Seiten verwenden wir Google-Maps, um geographische Informationen direkt auf unseren Seiten visuell darzustellen. Google-Maps ist ein Dienst der Firma Google LLC, 1600 Amphitheatre Parkway, Mountain View, CA 94043 USA. Wenn Sie Google-Maps auf unseren Seiten aufrufen, wird von Google ein Cookie auf Ihrem Endger\u00e4t gesetzt, um die Nutzung der Maps-Funktionen auf unseren Seiten auszuwerten.<\/p>\n<p>Wenn Sie die Verarbeitung Ihrer Daten durch Google-Maps nicht m\u00f6chten, so haben Sie die M\u00f6glichkeit die Installation dieser Cookies durch entsprechende Einstellungen im Browser zu verhindern, oder sich durch die Browser-Software vor dem Setzen eines Cookie informieren zu lassen. Bei Letzterem k\u00f6nnen Sie individuell entscheiden, ob ein Cookie gesetzt werden darf oder nicht. Wir weisen jedoch darauf hin, wenn Sie das Setzen von Cookies generell nicht akzeptieren, kann die Funktionalit\u00e4t unserer Seiten eingeschr\u00e4nkt sein.<\/p>\n<p>Die Nutzung von Google-Maps erfolgt entsprechend den Google-Nutzungsbedingungen, die Sie \u00fcber folgenden Link einsehen k\u00f6nnen: <a href=\"https:\/\/policies.google.com\/terms?hl=de&amp;gl=de\">http:\/\/www.google.de\/intl\/de\/policies\/terms\/regional.html<\/a><\/p>\n<p>Die zus\u00e4tzlichen Nutzungsbedingungen f\u00fcr Google-Maps erreichen Sie \u00fcber folgendem Link: <a href=\"https:\/\/www.google.com\/intl\/de_de\/help\/terms_maps.html\">https:\/\/www.google.com\/intl\/de_de\/help\/terms_maps.html.<\/a><\/p>\n<p><strong>3.4 Einsatz von reCAPTCHA <\/strong><\/p>\n<p>Auf unseren Seiten verwenden wir reCAPTCHA. ReCAPTCHA ist ein Dienst der Firma Google LLC, 1600 Amphitheatre Parkway, Mountain View, CA 94043 USA. Mit reCAPTCHA sch\u00fctzen wir unsere Dateneingabeformulare, indem wir mit diesem Dienst feststellen k\u00f6nnen, ob die Dateneingabe menschlichen Ursprungs ist, oder missbr\u00e4uchlich durch automatisierte maschinelle Verarbeitung erfolgt.<\/p>\n<p>Unseres Wissens werden bei der \u00dcberpr\u00fcfung durch reCAPTCHA neben Ihrer IP-Adresse, Informationen \u00fcber das Betriebssystem, den Browsertyp, die Verweildauer, das Eingabeverhalten des Nutzers inkl. aller Mausbewegungen an Google \u00fcbertragen. Google verwendet diese Informationen zur Optimierung seiner Produkte. Nach Angaben von Google wird die durch reCAPTCHA \u00fcbermittelte IP-Adresse nicht generell mit anderen Daten von Google zusammengef\u00fchrt. Das geschieht aber, wenn Sie sind zu diesem Zeitpunkt bei Ihrem Google-Konto angemeldet haben.<\/p>\n<p>Wenn Sie diese Daten\u00fcbermittlung an Google nicht m\u00f6chten, m\u00fcssen Sie sich bei Ihrem Google-Konto abmelden, bevor Sie unsere Seite besuchen. Weitere Informationen zu den Datenschutzrichtlinien von Google finden Sie unter: <a href=\"http:\/\/www.google.de\/intl\/de\/privacy\">http:\/\/www.google.de\/intl\/de\/privacy<\/a>oder <a href=\"https:\/\/www.google.com\/intl\/de\/policies\/privacy\">https:\/\/www.google.com\/intl\/de\/policies\/privacy<\/a><\/p>\n<p><strong>3.5 Einsatz von Facebook-Komponenten <\/strong><\/p>\n<p>Auf unseren Seiten setzen wir Social Media Plugins von Facebook ein, um unsere Seiten pers\u00f6nlicher zu gestalten. Diese Plugins sind Komponenten der Firma Facebook Inc., 1601 S. California Ave, Palo Alto, CA 94304, USA.<\/p>\n<p>Wenn Sie unsere Seiten aufrufen, die ein Facebook-Plugin enthalten, wird eine direkte Verbindung zwischen Ihrem Browser und Servern von Facebook hergestellt. Durch diesen Verbindungsaufbau erf\u00e4hrt Facebook davon, welche Seite bzw. Unterseite durch Ihren Browser gerade bei uns aufgerufen wird, auch wenn Sie kein Facebook-Konto besitzen. Wenn Sie w\u00e4hrend des Aufrufs unserer Seiten bei Ihrem Facebook-Konto angemeldet sind, ordnet Facebook diese Informationen Ihrem pers\u00f6nlichen Konto bei Facebook zu. Das gilt insbesondere auch daf\u00fcr, wenn Sie z.B. den Gef\u00e4llt-mir-Button anklicken und einen Kommentar dazu schreiben. Diese Informationen werden an Facebook \u00fcbertagen und zu Ihrem pers\u00f6nlichen Benutzerkonto bei Facebook gespeichert. Sie werden zudem auf Facebook ver\u00f6ffentlicht und Ihren Facebook-Freunden angezeigt.<\/p>\n<p>Facebook verwendet diese Informationen zu Werbezwecken, Marktforschung und bedarfsgerechte Gestaltung der Facebook-Seiten. Hierzu erstellt Facebook Nutzungs-, Interessen- und Beziehungsprofile, um z.B. die Nutzung unserer Seiten bez\u00fcglich eingeblendeter Werbeanzeigen auszuwerten, anderen Facebook-Nutzern \u00fcber Ihre Aktivit\u00e4ten zu informieren und um weitere mit der Nutzung von Facebook verbundene Dienstleistungen zu erbringen. Wenn Sie diese Daten\u00fcbermittlung an Facebook nicht m\u00f6chten, m\u00fcssen Sie sich bei Facebook abmelden, bevor Sie unsere Seiten aufrufen.<\/p>\n<p>Weitere Datenschutzhinweise von Facebook finden Sie unter folgendem Link: <a href=\"https:\/\/de-de.facebook.com\/about\/privacy\">https:\/\/de-de.facebook.com\/about\/privacy<\/a>und Informationen zu Facebook-Plugins finden Sie unter: <a href=\"https:\/\/developers.facebook.com\/docs\/plugins\">https:\/\/developers.facebook.com\/docs\/plugins<\/a><\/p>\n<p><strong>3.6 Einsatz von Twitter <\/strong><\/p>\n<p>Auf unseren Seiten verwenden wir Social Media Plugins des Kurznachrichtendienstes Twitter. Twitter ist ein Dienst der Twitter Inc., 795 Folsom St., Suite 600, San Francisco, CA 94107, USA.<\/p>\n<p>Wenn Sie unsere Seiten aufrufen, die ein solches Plugin von Twitter enthalten, wird eine direkte Verbindung zwischen Ihrem Browser und Twitter-Servern hergestellt. Durch diese Verbindungsaufnahme zu Twitter, wird Twitter dar\u00fcber informiert, dass Sie mit Ihrer IP-Adresse unsere Seiten aufgerufen haben. Wenn Sie den Tweet-Button von Twitter auf unseren Seiten anklicken, w\u00e4hrend Sie bei Ihrem Twitter-Konto angemeldet sind, k\u00f6nnen Sie die Inhalte unserer Seiten auf Ihrem Twitter-Profil verlinken. Dadurch ordnet Twitter den Besuch auf unseren Seiten Ihrem Konto bei Twitter zu. Wir weisen darauf hin, dass wir weder Einfluss noch Kenntnis davon haben, welche Daten an Twitter \u00fcbermittelt werden und wie deren Nutzung durch Twitter erfolgt.<\/p>\n<p>Weitere Informationen finden Sie in der Datenschutzerkl\u00e4rung von Twitter unter: <a href=\"https:\/\/twitter.com\/de\/privacy\">http:\/\/twitter.com\/privacy<\/a>. Ihre Datenschutzeinstellungen k\u00f6nnen Sie in den Konto-Einstellungen unter <a href=\"https:\/\/twitter.com\/settings\/account\">http:\/\/twitter.com\/account\/settings<\/a>\u00e4ndern.<\/p>\n<p><strong>3.7 Einsatz von YouTube-Komponenten <\/strong><\/p>\n<p>Auf unseren Seiten setzen wir Video-Komponenten der Firma YouTube, LLC 901 Cherry Ave., 94066 San Bruno, CA, USA ein. YouTube ist ein Unternehmen der Google LLC, Amphitheatre Parkway, Mountain View, CA 94043, USA.<\/p>\n<p>Wir nutzen YouTube mit der Option -erweiterter Datenschutzmodus-. Wenn Sie unsere Seiten aufrufen, die ein eingebettetes YouTobe-Video enthalten, wird eine Verbindung zu YouTube-Servern hergestellt und der Inhalt des Videos in Ihrem Browser auf unseren Seiten dargestellt. Das YouTube-Plugin \u00fcbermittelt im -erweiterten Datenschutzmodus- nur die Bezeichnung der Seite an YouTube Server die Sie besuchen, wenn Sie das Video anschauen. Haben Sie sich an Ihrem YouTube-Konto angemeldet, werden diese Informationen Ihrem Konto bei YouTube zugeordnet. Wenn Sie das nicht m\u00f6chten, m\u00fcssen Sie sich vor dem Besuch unserer Seiten von Ihrem YouTube-Konto abmelden.<\/p>\n<p>Weitere Informationen zum Datenschutz von YouTube finden Sie unter folgendem Link: <a href=\"https:\/\/policies.google.com\/privacy?hl=de&amp;gl=de\">https:\/\/www.google.de\/intl\/de\/policies\/privacy\/<\/a><\/p>\n<p><strong>3.8 Einsatz von Vimeo-Komponenten <\/strong><\/p>\n<p>Auf unseren Seiten kommen Video-Komponenten der Firma Vimeo zum Einsatz. Vimeo ist ein Dienst der Vimeo LLC, 555 West 18th Street, New York, New York 10011, USA.<\/p>\n<p>Wenn Sie unsere Seiten aufrufen, die ein eingebettetes Vimeo-Video enthalten, wird eine Verbindung zu Vimeo-Servern hergestellt und der Inhalt des Videos in Ihrem Browser auf unseren Seiten dargestellt. Das Vimeo-Plugin \u00fcbermittelt dabei an Vimeo-Server die Bezeichnung der Seite die Sie besuchen, wenn Sie das Video anschauen. Haben Sie sich an Ihrem Vimeo-Konto angemeldet, werden diese Informationen Ihrem Konto bei Vimeo zugeordnet. Wenn Sie das nicht m\u00f6chten, m\u00fcssen Sie sich vor dem Besuch unserer Seite von Ihrem Vimeo-Konto abmelden.<\/p>\n<p>Weitere Informationen zum Datenschutz von Vimeo finden Sie unter folgendem Link, insbesondere zur Erhebung und Nutzung der Daten durch Vimeo: <a href=\"https:\/\/vimeo.com\/privacy\">https:\/\/vimeo.com\/privacy<\/a><\/p>\n<p><strong>3.9 Einsatz von Social Media Schaltfl\u00e4chen mit Shariff <\/strong><\/p>\n<p>Auf unseren Seiten verwenden wir Shariff-Schaltfl\u00e4chen. Shariff wurde von Spezialisten der Computerzeitschrift c&#8217;t entwickelt, um mehr Privatsph\u00e4re im Internet zu erm\u00f6glichen. Die Shariff-Schaltfl\u00e4chen ersetzen dabei die \u00fcblichen Share-Buttons der sozialen Netzwerke und sch\u00fctzen dadurch die Nutzer.<\/p>\n<p>Wenn Sie unsere Seiten aufrufen, die Shariff-Schaltfl\u00e4chen enthalten, findet nicht sofort eine Verbindungsaufnahme zu Servern der sozialen Netzwerke statt. Erst durch einen Klick auf die entsprechende Schaltfl\u00e4che des sozialen Netzwerks wird eine Verbindung zum jeweiligen sozialen Netzwerk hergestellt und erst dann werden Ihre Daten an das soziale Netzwerk \u00fcbertragen. Auf unseren Seiten binden die sozialen Netzwerke Facebook und Twitter mit Shariff ein.<\/p>\n<p>Weitere Informationen \u00fcber das das c&#8217;t-Projekt \u201eShariff\u201c finden Sie unter <a href=\"https:\/\/www.heise.de\/ct\/artikel\/Shariff-Social-Media-Buttons-mit-Datenschutz-2467514.html\">http:\/\/www.heise.de\/ct\/artikel\/Shariff-Social-Media-Buttons-mit-Datenschutz-2467514.html<\/a><\/p>\n<p><strong>3.10 Einsatz von Instagram <\/strong><\/p>\n<p>Auf unseren Seiten verwenden wir Instagram. Instagram ist ein Dienst der Instagram LLC., 1601 Willow Road, Menlo Park, CA 94025, USA.<\/p>\n<p>Wenn Sie Seiten unseres Webauftritts aufrufen, die ein solches Plugin enthalten (z.B. Instagram-Kamera Logo), stellt Ihr Browser eine direkte Verbindung zu den Servern von Instagram her. Durch das eingebundene Instagram-Plugin erf\u00e4hrt Instagram, dass Sie unsere Seiten aufgerufen haben. Sind Sie bei Ihrem Instagram-Konto angemeldet, ordnet Instagram den Besuch auf unseren Seiten Ihrem Instagram-Konto zu und speichert diese Daten auf Instagram-Servern in den USA ab.<\/p>\n<p>Wenn Sie nicht m\u00f6chten, dass Instagram den Besuch auf unseren Seiten Ihrem Instagram-Konto zuordnet, m\u00fcssen Sie sich vor dem Besuch unserer Seiten bei Instagram abmelden.<\/p>\n<p>Weitere Informationen hierzu finden Sie in der Datenschutzerkl\u00e4rung von Instagram unter dem Link: <a href=\"https:\/\/help.instagram.com\/155833707900388\">https:\/\/help.instagram.com\/155833707900388<\/a><\/p>\n<ol start=\"4\">\n<li><strong> Freiwillige Bereitstellung personenbezogener Daten<\/strong><\/li>\n<\/ol>\n<p><strong>4.1 Kontaktm\u00f6glichkeiten <\/strong><\/p>\n<p>Unsere Seiten bieten Ihnen die M\u00f6glichkeit direkt per E-Mail und \/ oder \u00fcber ein Kontaktformular mit uns in Verbindung zu treten. Stellen Sie uns Ihre personenbezogenen Daten zum Zweck der Kontaktaufnahme zur Verf\u00fcgung, verarbeiten wir Ihre Daten ausschlie\u00dflich f\u00fcr die Korrespondenz mit Ihnen. Eine Weitergabe an Dritte erfolgt nicht.<\/p>\n<p><strong>4.2 Newsletter <\/strong><\/p>\n<p>Auf unseren Seiten k\u00f6nnen Sie einen von uns bereitgestellten Newsletter abonnieren. Mit dem Newsletter erhalten Sie regelm\u00e4\u00dfig Informationen \u00fcber aktuelle christliche und gesellschaftliche Themen und besondere Hinweise auf kirchliche Seminare und Veranstaltungen. Wenn Sie das m\u00f6chten, f\u00fcllen Sie das zugeh\u00f6rige Anmeldeformular aus und klicken auf Newsletter jetzt abonnieren. Sie erhalten dann eine E-Mail von uns an die von Ihnen angegebene E-Mail-Adresse. Um die Registrierung f\u00fcr den Newsletter abzuschlie\u00dfen, klicken Sie in der E-Mail auf den Link Anmeldung best\u00e4tigen. Mit der dadurch erfolgten Registrierung speichern wir Ihre personenbezogenen Daten (Anrede, Name, E-Mail, IP-Adresse, sowie das Datum und die Uhrzeit Ihrer Anmeldung) und senden Ihnen bis zu einer Abmeldung unseren Newsletter zu.<\/p>\n<p>Die im Rahmen der Newsletter-Anmeldung verarbeiteten Daten verwenden wir ausschlie\u00dflich um Ihnen unseren Newsletter zuzusenden. Eine Weitergabe Ihrer Daten an Dritte erfolgt nicht. Unseren Newsletter k\u00f6nnen Sie jederzeit k\u00fcndigen. Dazu schreiben Sie uns einfach eine E-Mail, oder beachten die Abmeldehinweise am Ende eines jeden Newsletters. Kontaktdaten, an die Sie sich wenden k\u00f6nnen, finden Sie im Impressum.<\/p>\n<p><strong>4.3 Bewerbungen auf Stellenanzeigen<\/strong><\/p>\n<p>Soweit wir offene Stellen haben, ver\u00f6ffentlichen wir auf unseren Seiten Stellenanzeigen. Auf die Stellenanzeigen k\u00f6nnen Sie sich mit den sonst auch \u00fcblichen Unterlagen bewerben. Bewerben Sie sich bei uns, speichern wir Ihre personenbezogenen Daten in unserer Interessenten-Datenbank.<\/p>\n<p>Erfolgt auf Ihre Bewerbung hin eine Anstellung, \u00fcbernehmen wir Ihre im Rahmen der Bewerbung angegebenen personenbezogenen Daten in die Personalakte. Die Weiterverarbeitung Ihrer Bewerberdaten erfolgt dann, im sonst auch \u00fcblichen Rahmen rechtlicher Vorschriften bei einem Anstellungsverh\u00e4ltnis.<\/p>\n<p>Erfolgt keine Anstellung bei uns, so l\u00f6schen wir Ihre Bewerbungsdaten unter Ber\u00fccksichtigung des Allgemeinen Gleichbehandlungsgesetzes sp\u00e4testens sechs Monate nach Mitteilung einer Ablehnung aus unserer Interessenten-Datenbank. Es sei denn, Sie haben uns ausdr\u00fccklich Ihre Einwilligung f\u00fcr eine l\u00e4ngere Speicherung gegeben (z.B. f\u00fcr evtl. andere freiwerdende Stellen).<\/p>\n<ol start=\"5\">\n<li><strong> Auskunft\/Widerruf\/Berichtigung\/L\u00f6schung <\/strong><\/li>\n<\/ol>\n<p>Sie k\u00f6nnen sich aufgrund des Kirchengesetzes \u00fcber den Datenschutz der Evangelischen Kirche in Deutschland (DSG-EKD) bei Fragen zur Erhebung, Verarbeitung oder Nutzung Ihrer personenbezogenen Daten und deren Berichtigung, Sperrung, L\u00f6schung oder einem Widerruf einer erteilten Einwilligung unentgeltlich an uns wenden. Wir weisen ebenfalls darauf hin, dass Ihnen ein Recht auf Berichtigung falscher Daten oder L\u00f6schung personenbezogener Daten zusteht, sollte diesem Anspruch keine gesetzliche Aufbewahrungspflicht entgegenstehen.<\/p>\n<p>Zur Aus\u00fcbung Ihrer Rechte wenden Sie sich bitte an die im Impressum unter \u201eRedaktionelle Verantwortung\u201c angegebenen E-Mail oder postalische Adresse.<\/p>\n<ol start=\"6\">\n<li><strong> Beschwerderecht<\/strong><\/li>\n<\/ol>\n<p>Wenn Sie der Ansicht sind, dass die Verarbeitung Ihrer personenbezogenen Daten rechtswidrig erfolgt, k\u00f6nnen Sie sich jederzeit an die f\u00fcr uns zust\u00e4ndige Aufsichtsbeh\u00f6rde unter folgenden Kontaktdaten wenden:<\/p>\n<p>Der Beauftragte f\u00fcr den Datenschutz der Evangelischen Kirche in Deutschland<br \/>\nDienststelle BfD EKD,B\u00f6ttcherstra\u00dfe 7, 30419 Hannover, Tel.: 0049(0)511-169335-0<\/p>\n","protected":false},"excerpt":{"rendered":"<p>Datenschutzerkl\u00e4rung Allgemeine Informationen 1.1 Einleitung Wir freuen uns \u00fcber Ihren Besuch auf unserer Internetseite und dem Interesse an der kirchlichen Arbeit. Gem\u00e4\u00df \u00a7 13 Abs. 1 Telemediengesetz (TMG) in Verbindung mit dem Datenschutzgesetz der Evangelischen Kirche in Deutschland (DSG-EKD) informieren wir Sie \u00fcber die Art, den Umfang und den Zweck der auf unserer Internetseite erhobenen &hellip; <\/p>\n<p class=\"link-more\"><a href=\"https:\/\/seemannsheim-emden.de\/cms\/datenschutzerklaerung\/\" class=\"more-link\"><span class=\"screen-reader-text\">\u201eDatenschutzerkl\u00e4rung\u201c <\/span>weiterlesen<\/a><\/p>\n","protected":false},"author":1,"featured_media":0,"parent":0,"menu_order":0,"comment_status":"closed","ping_status":"open","template":"","meta":{"footnotes":""},"class_list":["post-3","page","type-page","status-publish","hentry"],"_links":{"self":[{"href":"https:\/\/seemannsheim-emden.de\/cms\/wp-json\/wp\/v2\/pages\/3","targetHints":{"allow":["GET"]}}],"collection":[{"href":"https:\/\/seemannsheim-emden.de\/cms\/wp-json\/wp\/v2\/pages"}],"about":[{"href":"https:\/\/seemannsheim-emden.de\/cms\/wp-json\/wp\/v2\/types\/page"}],"author":[{"embeddable":true,"href":"https:\/\/seemannsheim-emden.de\/cms\/wp-json\/wp\/v2\/users\/1"}],"replies":[{"embeddable":true,"href":"https:\/\/seemannsheim-emden.de\/cms\/wp-json\/wp\/v2\/comments?post=3"}],"version-history":[{"count":5,"href":"https:\/\/seemannsheim-emden.de\/cms\/wp-json\/wp\/v2\/pages\/3\/revisions"}],"predecessor-version":[{"id":139,"href":"https:\/\/seemannsheim-emden.de\/cms\/wp-json\/wp\/v2\/pages\/3\/revisions\/139"}],"wp:attachment":[{"href":"https:\/\/seemannsheim-emden.de\/cms\/wp-json\/wp\/v2\/media?parent=3"}],"curies":[{"name":"wp","href":"https:\/\/api.w.org\/{rel}","templated":true}]}}