{"id":8,"date":"2018-11-29T15:19:25","date_gmt":"2018-11-29T14:19:25","guid":{"rendered":"http:\/\/seemannsheim-emden.de\/cms\/?page_id=8"},"modified":"2021-11-14T23:42:44","modified_gmt":"2021-11-14T22:42:44","slug":"startseite","status":"publish","type":"page","link":"https:\/\/seemannsheim-emden.de\/cms\/","title":{"rendered":"Startseite"},"content":{"rendered":"<p style=\"text-align: center;\"><img loading=\"lazy\" decoding=\"async\" class=\"size-full wp-image-45 aligncenter\" src=\"http:\/\/seemannsheim-emden.de\/cms\/wp-content\/uploads\/2018\/11\/41247_143010102402701_1688364_n.jpg\" alt=\"\" width=\"720\" height=\"540\" srcset=\"https:\/\/seemannsheim-emden.de\/cms\/wp-content\/uploads\/2018\/11\/41247_143010102402701_1688364_n.jpg 720w, https:\/\/seemannsheim-emden.de\/cms\/wp-content\/uploads\/2018\/11\/41247_143010102402701_1688364_n-300x225.jpg 300w\" sizes=\"auto, (max-width: 720px) 100vw, 720px\" \/><\/p>\n<p style=\"text-align: center;\">Seeleute und ihr Schiff. Seemannsmission ist<br \/>\n&#8222;Begegnung mit Menschen an Bord&#8220;<\/p>\n<p><img loading=\"lazy\" decoding=\"async\" class=\"size-medium wp-image-16 aligncenter\" src=\"http:\/\/seemannsheim-emden.de\/cms\/wp-content\/uploads\/2018\/11\/bullauge-300x300.png\" alt=\"\" width=\"300\" height=\"300\" srcset=\"https:\/\/seemannsheim-emden.de\/cms\/wp-content\/uploads\/2018\/11\/bullauge-300x300.png 300w, https:\/\/seemannsheim-emden.de\/cms\/wp-content\/uploads\/2018\/11\/bullauge-150x150.png 150w, https:\/\/seemannsheim-emden.de\/cms\/wp-content\/uploads\/2018\/11\/bullauge-100x100.png 100w, https:\/\/seemannsheim-emden.de\/cms\/wp-content\/uploads\/2018\/11\/bullauge.png 350w\" sizes=\"auto, (max-width: 300px) 100vw, 300px\" \/><\/p>\n<p style=\"text-align: center;\">Wir besuchen und h\u00f6ren &#8211; Wir begleiten und helfen<br \/>\nWir laden ein und beherbergen &#8211; Wir sind einfach f\u00fcr sie da<\/p>\n<p style=\"text-align: center;\">Damit die Einsamkeit nicht zur Vereinsamung f\u00fchrt,<br \/>\ndamit Seeleute immer wieder sp\u00fcren und erleben k\u00f6nnen:<\/p>\n<p style=\"text-align: center;\">&#8222;Da ist mehr als nur Meer um mich&#8220;<\/p>\n<p style=\"text-align: center;\">Deshalb brauchen diese Menschen die Seemannsmission,<br \/>\nbrauchen sie menschliche Ber\u00fchrung,<br \/>\nden &#8222;human touch&#8220; der N\u00e4chstenliebe in der maritimen Welt.<\/p>\n<p style=\"text-align: center;\">Und die Seemannsmission braucht Sie !<\/p>\n<p style=\"text-align: center;\">Wenn sie uns bei unserer Arbeit unterst\u00fctzen m\u00f6chten,<br \/>\nw\u00fcrden wir uns \u00fcber eine Spende auf unser Spendenkonto freuen.<\/p>\n<p style=\"text-align: center;\">Der Verein ist nach 84 Nr. 18 UStG steuerbefreit. Finanzamt Emden Nr. GEM 1\/025 St.Nr. 58\/270\/00244. VR 225 Amtsgericht Aurich, Sitz: Emden<\/p>\n<p style=\"text-align: center;\">Bankkonten:<\/p>\n<p style=\"text-align: center;\">Ostfriesische Volksbank<br \/>\nIBAN DE73 2859 0075 1007 2128 00<br \/>\nBIC GENODEFALER<\/p>\n<p style=\"text-align: center;\">Sparkasse Emden<br \/>\nIBAN DE67 2845 0000 0000 0251 97<br \/>\nBIC BRLADE2TEMD<\/p>\n<p style=\"text-align: center;\">Commerzbank Emden<br \/>\nIBAN DE69 2844 0037 0492 8966 00<br \/>\nBIC COBADEFFXXX<\/p>\n","protected":false},"excerpt":{"rendered":"<p>Seeleute und ihr Schiff. Seemannsmission ist &#8222;Begegnung mit Menschen an Bord&#8220; Wir besuchen und h\u00f6ren &#8211; Wir begleiten und helfen Wir laden ein und beherbergen &#8211; Wir sind einfach f\u00fcr sie da Damit die Einsamkeit nicht zur Vereinsamung f\u00fchrt, damit Seeleute immer wieder sp\u00fcren und erleben k\u00f6nnen: &#8222;Da ist mehr als nur Meer um mich&#8220; &hellip; <\/p>\n<p class=\"link-more\"><a href=\"https:\/\/seemannsheim-emden.de\/cms\/\" class=\"more-link\"><span class=\"screen-reader-text\">\u201eStartseite\u201c <\/span>weiterlesen<\/a><\/p>\n","protected":false},"author":1,"featured_media":0,"parent":0,"menu_order":0,"comment_status":"closed","ping_status":"closed","template":"","meta":{"footnotes":""},"class_list":["post-8","page","type-page","status-publish","hentry"],"_links":{"self":[{"href":"https:\/\/seemannsheim-emden.de\/cms\/wp-json\/wp\/v2\/pages\/8","targetHints":{"allow":["GET"]}}],"collection":[{"href":"https:\/\/seemannsheim-emden.de\/cms\/wp-json\/wp\/v2\/pages"}],"about":[{"href":"https:\/\/seemannsheim-emden.de\/cms\/wp-json\/wp\/v2\/types\/page"}],"author":[{"embeddable":true,"href":"https:\/\/seemannsheim-emden.de\/cms\/wp-json\/wp\/v2\/users\/1"}],"replies":[{"embeddable":true,"href":"https:\/\/seemannsheim-emden.de\/cms\/wp-json\/wp\/v2\/comments?post=8"}],"version-history":[{"count":10,"href":"https:\/\/seemannsheim-emden.de\/cms\/wp-json\/wp\/v2\/pages\/8\/revisions"}],"predecessor-version":[{"id":137,"href":"https:\/\/seemannsheim-emden.de\/cms\/wp-json\/wp\/v2\/pages\/8\/revisions\/137"}],"wp:attachment":[{"href":"https:\/\/seemannsheim-emden.de\/cms\/wp-json\/wp\/v2\/media?parent=8"}],"curies":[{"name":"wp","href":"https:\/\/api.w.org\/{rel}","templated":true}]}}